{"id":2354,"date":"2017-09-29T16:30:11","date_gmt":"2017-09-29T16:30:11","guid":{"rendered":"http:\/\/demo.thembay.com\/megabuy\/?post_type=product&#038;p=2354"},"modified":"2025-06-30T11:40:49","modified_gmt":"2025-06-30T14:40:49","slug":"sc-supreme-sistem-de-automacao","status":"publish","type":"product","link":"https:\/\/pixhostbrasil.com.br\/oficial\/produto\/sc-supreme-sistem-de-automacao\/","title":{"rendered":"SC supreme sistem de automa\u00e7\u00e3o"},"content":{"rendered":"<div class=\"wpb-content-wrapper\"><p><span style=\"vertical-align: inherit;\"><span style=\"vertical-align: inherit;\">[vc_row][vc_column][vc_row_inner][vc_column_inner largura=&#8221;5\/12&#8243;][vc_column_text]<\/span><\/span><\/p>\n<h4>Detalhes do produto<\/h4>\n<ul>\n<li>Nome: SC supreme<\/li>\n<li><span style=\"vertical-align: inherit;\"><span style=\"vertical-align: inherit;\">Sistema: Windows Vista, XP, W7<\/span><\/span><\/li>\n<li><span style=\"vertical-align: inherit;\"><span style=\"vertical-align: inherit;\">Baixar 32 bits<\/span><\/span><\/li>\n<\/ul>\n<p><span style=\"vertical-align: inherit;\"><span style=\"vertical-align: inherit;\">[\/vc_column_text][\/vc_column_inner][vc_column_inner largura=&#8221;1\/12&#8243;][\/vc_column_inner][vc_column_inner largura=&#8221;1\/2&#8243;][vc_column_text]<\/span><\/span><\/p>\n<h4>Especificidades do item<\/h4>\n<p>SC Supreme sistema de Automa\u00e7\u00e3o para gerenciamento comercial que atende v\u00e1rios tipos de estabelecimentos na modalidade n\u00e3o fiscal, incluindo todas as fun\u00e7\u00f5es para o funcionamento rotineiro de um estabelecimento comercial. Controle de estoque, vendas a vista, vendas a prazo, vendas parceladas, vendas fora do estoque, PDV frente de caixa, s\u00e3o algumas de suas fun\u00e7\u00f5es. possui fun\u00e7\u00e3o espec\u00edfica para vender com pre\u00e7o de atacado, controle de contas a pagar, contas pagas, contas a receber, controle de caixa da empresa, controle de caixa do dia com fechamento de turno, controle de or\u00e7amentos e muito mais.<\/p>\n<p>&nbsp;<\/p>\n<\/div>","protected":false},"excerpt":{"rendered":"<ul>\n<li><span style=\"vertical-align: inherit;\"><span style=\"vertical-align: inherit;\">Sistema de automa\u00e7\u00e3o<\/span><\/span><\/li>\n<li><span style=\"vertical-align: inherit;\"><span style=\"vertical-align: inherit;\">Sistma opracional windows 32 Bits<\/span><\/span><\/li>\n<li><span style=\"vertical-align: inherit;\"><span style=\"vertical-align: inherit;\">Lojas e oficina, farmacia<\/span><\/span><\/li>\n<\/ul>\n","protected":false},"featured_media":8357,"comment_status":"open","ping_status":"closed","template":"","meta":[],"product_brand":[],"product_cat":[39,57],"product_tag":[],"class_list":{"0":"post-2354","1":"product","2":"type-product","3":"status-publish","4":"has-post-thumbnail","6":"product_cat-programas","7":"product_cat-sistema-de-automacao","10":"instock","11":"featured","12":"shipping-taxable","13":"purchasable","14":"product-type-simple"},"aioseo_notices":[],"_links":{"self":[{"href":"https:\/\/pixhostbrasil.com.br\/oficial\/wp-json\/wp\/v2\/product\/2354","targetHints":{"allow":["GET"]}}],"collection":[{"href":"https:\/\/pixhostbrasil.com.br\/oficial\/wp-json\/wp\/v2\/product"}],"about":[{"href":"https:\/\/pixhostbrasil.com.br\/oficial\/wp-json\/wp\/v2\/types\/product"}],"replies":[{"embeddable":true,"href":"https:\/\/pixhostbrasil.com.br\/oficial\/wp-json\/wp\/v2\/comments?post=2354"}],"wp:featuredmedia":[{"embeddable":true,"href":"https:\/\/pixhostbrasil.com.br\/oficial\/wp-json\/wp\/v2\/media\/8357"}],"wp:attachment":[{"href":"https:\/\/pixhostbrasil.com.br\/oficial\/wp-json\/wp\/v2\/media?parent=2354"}],"wp:term":[{"taxonomy":"product_brand","embeddable":true,"href":"https:\/\/pixhostbrasil.com.br\/oficial\/wp-json\/wp\/v2\/product_brand?post=2354"},{"taxonomy":"product_cat","embeddable":true,"href":"https:\/\/pixhostbrasil.com.br\/oficial\/wp-json\/wp\/v2\/product_cat?post=2354"},{"taxonomy":"product_tag","embeddable":true,"href":"https:\/\/pixhostbrasil.com.br\/oficial\/wp-json\/wp\/v2\/product_tag?post=2354"}],"curies":[{"name":"wp","href":"https:\/\/api.w.org\/{rel}","templated":true}]}}