{"id":8360,"date":"2025-06-30T15:44:28","date_gmt":"2025-06-30T18:44:28","guid":{"rendered":"https:\/\/pixhostbrasil.com.br\/oficial\/?post_type=product&#038;p=8360"},"modified":"2025-08-08T22:37:59","modified_gmt":"2025-08-09T01:37:59","slug":"site-para-imobiliaria-e-corretor","status":"publish","type":"product","link":"https:\/\/pixhostbrasil.com.br\/oficial\/produto\/site-para-imobiliaria-e-corretor\/","title":{"rendered":"Site para imobili\u00e1ria e corretor"},"content":{"rendered":"<div class=\"wpb-content-wrapper\"><p><span style=\"vertical-align: inherit;\"><span style=\"vertical-align: inherit;\">[vc_row][vc_column][vc_row_inner][vc_column_inner largura=&#8221;5\/12&#8243;][vc_column_text]<\/span><\/span><\/p>\n<h4>Detalhes do produto<\/h4>\n<ul>\n<li>Nome: Site para imobili\u00e1ria e corretor<\/li>\n<li><span style=\"vertical-align: inherit;\"><span style=\"vertical-align: inherit;\">Sistema: Linux PHP 8.2<\/span><\/span><\/li>\n<li>Com meio de pagamento<\/li>\n<li>Site em portugues Brasil<\/li>\n<\/ul>\n<p><span style=\"vertical-align: inherit;\"><span style=\"vertical-align: inherit;\">[\/vc_column_text][\/vc_column_inner][vc_column_inner largura=&#8221;1\/12&#8243;][\/vc_column_inner][vc_column_inner largura=&#8221;1\/2&#8243;][vc_column_text]<\/span><\/span><\/p>\n<h4>Especificidades do item<\/h4>\n<p>Algumas das funcionalidades do site:<br \/>\nSite administr\u00e1vel<br \/>\nLayout responsivo para funcionamento em celulares e tablets<br \/>\nSlide rotativo na home<br \/>\nIntegra\u00e7\u00e3o com Redes Sociais<br \/>\nSite otimizado com plugins de seo<br \/>\nChat on line<br \/>\nMapa do google<br \/>\nFormul\u00e1rio de fale conosco \/ or\u00e7amento<br \/>\nPagina de Informa\u00e7\u00f5es sobre a empresa<br \/>\nPagina de informa\u00e7\u00f5es sobre servi\u00e7os e \u00e1reas de atua\u00e7\u00e3o<br \/>\nImagens ilustrativas de alta qualidade para seu seguimento<br \/>\nPaginas com fotos ou videos<br \/>\nBlog de not\u00edcias<br \/>\nPagina para Inser\u00e7\u00e3o de parceiros ou clientes<br \/>\n15 Emails personalizados com seu endere\u00e7o<br \/>\nCertificado de seguran\u00e7a ssl para ter mais segurna\u00e7a em seu site<br \/>\n5 a 7 paginas como home, servi\u00e7os, fale conosco, etc pode ser mais caso precisar<br \/>\nCria\u00e7\u00e3o de logo caso n\u00e3o tiver<br \/>\nCria\u00e7\u00e3o de fan page no facbook caso n\u00e3o tiver<br \/>\nTotal acesso aos arquivos e backs ups<br \/>\nSem taxas ou mensalidades<br \/>\nSem amarra\u00e7\u00f5es ou limita\u00e7\u00f5es<br \/>\nSuporte por email ou telefones<br \/>\nEntre outras op\u00e7\u00f5es de funcionalidades para seu site consulte!<\/p>\n<p>Um site para sua empresa \u00e9 essencial em diversos aspectos, dessa forma, n\u00e3o h\u00e1 nada mais vantajoso do que ter sua marca com uma vitrine online 24 horas por dia, alcan\u00e7ando seus clientes e divulgando seus produtos e servi\u00e7os.<\/p>\n<p>&nbsp;<\/p>\n<\/div>","protected":false},"excerpt":{"rendered":"<ul>\n<li><span style=\"vertical-align: inherit;\"><span style=\"vertical-align: inherit;\">Site em Wordpress<\/span><\/span><\/li>\n<li><span style=\"vertical-align: inherit;\"><span style=\"vertical-align: inherit;\">PHP 8.0, 8.4<\/span><\/span><\/li>\n<li><span style=\"vertical-align: inherit;\"><span style=\"vertical-align: inherit;\">Instala\u00e7\u00e3o gratis<\/span><\/span><\/li>\n<\/ul>\n","protected":false},"featured_media":8361,"comment_status":"open","ping_status":"closed","template":"","meta":[],"product_brand":[],"product_cat":[37],"product_tag":[],"class_list":{"0":"post-8360","1":"product","2":"type-product","3":"status-publish","4":"has-post-thumbnail","6":"product_cat-sites-wp","9":"instock","10":"featured","11":"shipping-taxable","12":"purchasable","13":"product-type-simple"},"aioseo_notices":[],"_links":{"self":[{"href":"https:\/\/pixhostbrasil.com.br\/oficial\/wp-json\/wp\/v2\/product\/8360","targetHints":{"allow":["GET"]}}],"collection":[{"href":"https:\/\/pixhostbrasil.com.br\/oficial\/wp-json\/wp\/v2\/product"}],"about":[{"href":"https:\/\/pixhostbrasil.com.br\/oficial\/wp-json\/wp\/v2\/types\/product"}],"replies":[{"embeddable":true,"href":"https:\/\/pixhostbrasil.com.br\/oficial\/wp-json\/wp\/v2\/comments?post=8360"}],"wp:featuredmedia":[{"embeddable":true,"href":"https:\/\/pixhostbrasil.com.br\/oficial\/wp-json\/wp\/v2\/media\/8361"}],"wp:attachment":[{"href":"https:\/\/pixhostbrasil.com.br\/oficial\/wp-json\/wp\/v2\/media?parent=8360"}],"wp:term":[{"taxonomy":"product_brand","embeddable":true,"href":"https:\/\/pixhostbrasil.com.br\/oficial\/wp-json\/wp\/v2\/product_brand?post=8360"},{"taxonomy":"product_cat","embeddable":true,"href":"https:\/\/pixhostbrasil.com.br\/oficial\/wp-json\/wp\/v2\/product_cat?post=8360"},{"taxonomy":"product_tag","embeddable":true,"href":"https:\/\/pixhostbrasil.com.br\/oficial\/wp-json\/wp\/v2\/product_tag?post=8360"}],"curies":[{"name":"wp","href":"https:\/\/api.w.org\/{rel}","templated":true}]}}