{"id":8444,"date":"2025-07-29T16:38:49","date_gmt":"2025-07-29T19:38:49","guid":{"rendered":"https:\/\/pixhostbrasil.com.br\/oficial\/?post_type=product&#038;p=8444"},"modified":"2025-07-29T16:59:41","modified_gmt":"2025-07-29T19:59:41","slug":"os-plus4-sistema-de-automacao","status":"publish","type":"product","link":"https:\/\/pixhostbrasil.com.br\/oficial\/produto\/os-plus4-sistema-de-automacao\/","title":{"rendered":"OS Plus4 Sistema de automa\u00e7\u00e3o"},"content":{"rendered":"<div class=\"wpb-content-wrapper\"><p><span style=\"vertical-align: inherit;\"><span style=\"vertical-align: inherit;\">[vc_row][vc_column][vc_row_inner][vc_column_inner largura=&#8221;5\/12&#8243;][vc_column_text]<\/span><\/span><\/p>\n<h4>Detalhes do produto<\/h4>\n<ul>\n<li>Nome: OS Plus4 Sistema de automa\u00e7\u00e3o<\/li>\n<li><span style=\"vertical-align: inherit;\"><span style=\"vertical-align: inherit;\">Sistema: Windows Vista, XP, W7<\/span><\/span><\/li>\n<li><span style=\"vertical-align: inherit;\"><span style=\"vertical-align: inherit;\">Baixar 32 bits<\/span><\/span><\/li>\n<\/ul>\n<p><span style=\"vertical-align: inherit;\"><span style=\"vertical-align: inherit;\">[\/vc_column_text][\/vc_column_inner][vc_column_inner largura=&#8221;1\/12&#8243;][\/vc_column_inner][vc_column_inner largura=&#8221;1\/2&#8243;][vc_column_text]<\/span><\/span><\/p>\n<h4>Especificidades do item<\/h4>\n<ul>\n<li>Intuitivo \u2014 Ao contr\u00e1rio da maioria dos sistemas do mercado de hoje, o OS Plus \u00e9 um sistema f\u00e1cil de manusear, pois, tem uma interface limpa e objetiva. Produza mais e economize tempo.<\/li>\n<li>Atualizado Constantemente \u2014 Ouvindo nossos clientes e sabendo da real necessidade do dia a dia de uma empresa \u00e9 ficar sabemos o que o sistema precisa para ficar cada vez mais completo.<\/li>\n<li>\u00d3timo Custo x Benef\u00edcio \u2014 Sabendo da real necessidade da informatiza\u00e7\u00e3o de pequenas e m\u00e9dias empresas \u00e9 que foi desenvolvido o sistema. Com tecnologias modernas e em sua grande maioria gratuita voc\u00ea empresario pode tamb\u00e9m automatizar os principais processos de sua empresa e controlar melhor seu neg\u00f3cio.<\/li>\n<li>Multi-Empresa \u2014 M\u00faltiplas empresas (matriz e filiais), m\u00faltiplos estoques.<\/li>\n<li>N\u00edveis de Acesso \u2014 Limite o acesso aos usu\u00e1rios a determinadas fun\u00e7\u00f5es.<\/li>\n<li>Plano de Conta \u2014 Plano de conta financeiro pr\u00e9-configurado.<\/li>\n<li>Cadastro de Clientes \u2014 Cadastro completo do cliente, com op\u00e7\u00e3o de bloqueio e limite de compras a prazo.<\/li>\n<li>Cadastro de Produtos \u2014 Controle de estoque, c\u00f3digo de barras, tabela de pre\u00e7os, dados fiscais, imagem do produto.<\/li>\n<li>Or\u00e7amento \u2014 M\u00f3dulo de or\u00e7amento integrado com vendas e ordens de servi\u00e7o. Op\u00e7\u00e3o de envio para o e-mail do cliente.<\/li>\n<li>Pedido de Venda \u2014 Vendas integrado com estoque e financeiro (a receber). Recibo em A4, matricial ou cupom. Emiss\u00e3o de NFe ap\u00f3s a venda.<\/li>\n<li>Pedido de Compra \u2014 Compras integrado com estoque e financeiro (a pagar). Entrada via XML do fornecedor.<\/li>\n<li>Cota\u00e7\u00e3o para Compra \u2014 Fa\u00e7a cota\u00e7\u00e3o de pre\u00e7os entre v\u00e1rios fornecedores diferentes de forma r\u00e1pida e envie por e-mail.<\/li>\n<li>Ordem de Servi\u00e7o \u2014 Impress\u00e3o de OS\u2019s em v\u00e1rios modelos diferentes. Envio de OS por e-mail. Gest\u00e3o de horas trabalhadas.<\/li>\n<li>Contas a Receber e a Pagar \u2014 Contas a receber integrado com vendas e OSs. Contas a pagar integrado com compras.<\/li>\n<li>Relat\u00f3rios Gerenciais \u2014 Relat\u00f3rios de clientes, produtos, vendas, servi\u00e7os, contas a receber e a pagar, e muitos outros.<\/li>\n<\/ul>\n<p>&nbsp;<\/p>\n<\/div>","protected":false},"excerpt":{"rendered":"<ul>\n<li><span style=\"vertical-align: inherit;\"><span style=\"vertical-align: inherit;\">Sistema de automa\u00e7\u00e3o<\/span><\/span><\/li>\n<li><span style=\"vertical-align: inherit;\"><span style=\"vertical-align: inherit;\">Sistema opracional windows 32 Bits<\/span><\/span><\/li>\n<li><span style=\"vertical-align: inherit;\"><span style=\"vertical-align: inherit;\">Lojas e oficina, farmacia, outros<\/span><\/span><\/li>\n<\/ul>\n","protected":false},"featured_media":8445,"comment_status":"open","ping_status":"closed","template":"","meta":[],"product_brand":[],"product_cat":[39,57],"product_tag":[],"class_list":{"0":"post-8444","1":"product","2":"type-product","3":"status-publish","4":"has-post-thumbnail","6":"product_cat-programas","7":"product_cat-sistema-de-automacao","10":"instock","11":"sale","12":"featured","13":"shipping-taxable","14":"purchasable","15":"product-type-simple"},"aioseo_notices":[],"_links":{"self":[{"href":"https:\/\/pixhostbrasil.com.br\/oficial\/wp-json\/wp\/v2\/product\/8444","targetHints":{"allow":["GET"]}}],"collection":[{"href":"https:\/\/pixhostbrasil.com.br\/oficial\/wp-json\/wp\/v2\/product"}],"about":[{"href":"https:\/\/pixhostbrasil.com.br\/oficial\/wp-json\/wp\/v2\/types\/product"}],"replies":[{"embeddable":true,"href":"https:\/\/pixhostbrasil.com.br\/oficial\/wp-json\/wp\/v2\/comments?post=8444"}],"wp:featuredmedia":[{"embeddable":true,"href":"https:\/\/pixhostbrasil.com.br\/oficial\/wp-json\/wp\/v2\/media\/8445"}],"wp:attachment":[{"href":"https:\/\/pixhostbrasil.com.br\/oficial\/wp-json\/wp\/v2\/media?parent=8444"}],"wp:term":[{"taxonomy":"product_brand","embeddable":true,"href":"https:\/\/pixhostbrasil.com.br\/oficial\/wp-json\/wp\/v2\/product_brand?post=8444"},{"taxonomy":"product_cat","embeddable":true,"href":"https:\/\/pixhostbrasil.com.br\/oficial\/wp-json\/wp\/v2\/product_cat?post=8444"},{"taxonomy":"product_tag","embeddable":true,"href":"https:\/\/pixhostbrasil.com.br\/oficial\/wp-json\/wp\/v2\/product_tag?post=8444"}],"curies":[{"name":"wp","href":"https:\/\/api.w.org\/{rel}","templated":true}]}}