{"id":8448,"date":"2025-08-19T09:00:00","date_gmt":"2025-08-19T12:00:00","guid":{"rendered":"https:\/\/pixhostbrasil.com.br\/oficial\/?post_type=product&#038;p=8448"},"modified":"2025-08-19T09:00:01","modified_gmt":"2025-08-19T12:00:01","slug":"mini-conversor-adaptador-vga-para-audio-e-video-av-rca","status":"publish","type":"product","link":"https:\/\/pixhostbrasil.com.br\/oficial\/produto\/mini-conversor-adaptador-vga-para-audio-e-video-av-rca\/","title":{"rendered":"Mini Conversor Adaptador Vga Para \u00c1udio E V\u00eddeo Av Rca"},"content":{"rendered":"<p>Conversor VGA para \u00c1udio e V\u00eddeo AV RCA<\/p>\n<p>Transforme o sinal VGA em AV RCA com este conversor compacto e elegante, que tamb\u00e9m transmite \u00e1udio. Com tecnologia Plug and Play, conecte a sa\u00edda VGA \u00e0 entrada \u00e1udio e v\u00eddeo RCA e ao cabo USB para alimenta\u00e7\u00e3o.<\/p>\n<p>Transmiss\u00e3o de som e imagem digital em resolu\u00e7\u00e3o de at\u00e9 1080p Full HD.<\/p>\n<p>Ideal para conectar computador ou notebook com sa\u00edda VGA em TVs antigas com entrada RCA \u00e1udio e v\u00eddeo. Para \u00e1udio, \u00e9 necess\u00e1rio um cabo P2 x P2 n\u00e3o incluso.<\/p>\n<p>O cabo USB pode ser conectado \u00e0 sa\u00edda USB do computador ou a um carregador de celular para alimentar o conversor.<\/p>\n<p>Especifica\u00e7\u00f5es t\u00e9cnicas:<\/p>\n<p>&#8211; Conex\u00f5es de entrada: VGA e plugue P2 (3,5mm)<br \/>\n&#8211; Conex\u00e3o de sa\u00edda: 3x AV RCA (amarelo, branco e vermelho)<br \/>\n&#8211; Com \u00e1udio<br \/>\n&#8211; Resolu\u00e7\u00e3o de entrada e sa\u00edda: 640&#215;480 at\u00e9 1920&#215;1080<br \/>\n&#8211; Plug and play<br \/>\n&#8211; Suporte hot swap<br \/>\n&#8211; Chip de convers\u00e3o integrado<br \/>\n&#8211; Alimenta\u00e7\u00e3o: USB 5v<br \/>\n&#8211; Dimens\u00f5es aproximadas do produto: 6,5 x 5,5 x 2 cm<\/p>\n<p>Conte\u00fado da embalagem:<br \/>\n01 &#8211; Conversor VGA para AV<br \/>\n01 &#8211; Cabo USB de alimenta\u00e7\u00e3o<\/p>\n","protected":false},"excerpt":{"rendered":"<table class=\"andes-table\">\n<tbody class=\"andes-table__body\">\n<tr class=\"andes-table__row ui-vpp-striped-specs__row\">\n<th class=\"andes-table__header andes-table__header--left ui-vpp-striped-specs__row__column ui-vpp-striped-specs__row__column--id\" scope=\"row\">\n<div class=\"andes-table__header__container\">Conectores de sa\u00edda<\/div>\n<\/th>\n<td id=\":Rafr5pakp7le:\" class=\"andes-table__column andes-table__column--left andes-table__column--vertical-align-center ui-vpp-striped-specs__row__column\"><span id=\":Rafr5pakp7le:-value\" class=\"andes-table__column--value\">RCA<\/span><\/td>\n<\/tr>\n<\/tbody>\n<\/table>\n<table class=\"andes-table\">\n<tbody class=\"andes-table__body\">\n<tr class=\"andes-table__row ui-vpp-striped-specs__row\">\n<th class=\"andes-table__header andes-table__header--left ui-vpp-striped-specs__row__column ui-vpp-striped-specs__row__column--id\" scope=\"row\">\n<div class=\"andes-table__header__container\">Conectores de entrada<\/div>\n<\/th>\n<td id=\":Radr5pakp7le:\" class=\"andes-table__column andes-table__column--left andes-table__column--vertical-align-center ui-vpp-striped-specs__row__column\"><span id=\":Radr5pakp7le:-value\" class=\"andes-table__column--value\">VGA<\/span><\/td>\n<\/tr>\n<\/tbody>\n<\/table>\n<table class=\"andes-table\">\n<tbody class=\"andes-table__body\">\n<tr class=\"andes-table__row ui-vpp-striped-specs__row\">\n<th class=\"andes-table__header andes-table__header--left ui-vpp-striped-specs__row__column ui-vpp-striped-specs__row__column--id\" scope=\"row\">\n<div class=\"andes-table__header__container\">Formatos de entrada compat\u00edveis<\/div>\n<\/th>\n<td id=\":Rabr5pakp7le:\" class=\"andes-table__column andes-table__column--left andes-table__column--vertical-align-center ui-vpp-striped-specs__row__column\"><span id=\":Rabr5pakp7le:-value\" class=\"andes-table__column--value\">PAL, NTSC<\/span><\/td>\n<\/tr>\n<\/tbody>\n<\/table>\n","protected":false},"featured_media":8450,"comment_status":"open","ping_status":"closed","template":"","meta":[],"product_brand":[],"product_cat":[118],"product_tag":[],"class_list":{"0":"post-8448","1":"product","2":"type-product","3":"status-publish","4":"has-post-thumbnail","6":"product_cat-acessorios","9":"instock","10":"shipping-taxable","11":"purchasable","12":"product-type-simple"},"aioseo_notices":[],"_links":{"self":[{"href":"https:\/\/pixhostbrasil.com.br\/oficial\/wp-json\/wp\/v2\/product\/8448","targetHints":{"allow":["GET"]}}],"collection":[{"href":"https:\/\/pixhostbrasil.com.br\/oficial\/wp-json\/wp\/v2\/product"}],"about":[{"href":"https:\/\/pixhostbrasil.com.br\/oficial\/wp-json\/wp\/v2\/types\/product"}],"replies":[{"embeddable":true,"href":"https:\/\/pixhostbrasil.com.br\/oficial\/wp-json\/wp\/v2\/comments?post=8448"}],"wp:featuredmedia":[{"embeddable":true,"href":"https:\/\/pixhostbrasil.com.br\/oficial\/wp-json\/wp\/v2\/media\/8450"}],"wp:attachment":[{"href":"https:\/\/pixhostbrasil.com.br\/oficial\/wp-json\/wp\/v2\/media?parent=8448"}],"wp:term":[{"taxonomy":"product_brand","embeddable":true,"href":"https:\/\/pixhostbrasil.com.br\/oficial\/wp-json\/wp\/v2\/product_brand?post=8448"},{"taxonomy":"product_cat","embeddable":true,"href":"https:\/\/pixhostbrasil.com.br\/oficial\/wp-json\/wp\/v2\/product_cat?post=8448"},{"taxonomy":"product_tag","embeddable":true,"href":"https:\/\/pixhostbrasil.com.br\/oficial\/wp-json\/wp\/v2\/product_tag?post=8448"}],"curies":[{"name":"wp","href":"https:\/\/api.w.org\/{rel}","templated":true}]}}